{"id":913,"date":"2025-12-11T17:34:04","date_gmt":"2025-12-11T20:34:04","guid":{"rendered":"https:\/\/eat-kids.com\/?post_type=product&#038;p=913"},"modified":"2026-04-15T09:29:33","modified_gmt":"2026-04-15T12:29:33","slug":"alfajorcitos-navidenos","status":"publish","type":"product","link":"https:\/\/eat-kids.com\/es\/product\/alfajorcitos-navidenos\/","title":{"rendered":"Alfajorcitos Saludables"},"content":{"rendered":"<p><span style=\"font-weight: 400\"><strong>Ingredientes:<\/strong> Harina integral, cacao amargo, huevo, man\u00ed, mascabo, mantequilla de man\u00ed, d\u00e1tiles, leche en polvo, manteca.<br \/>\n<strong>Contenido:<\/strong> 6 unidades<br \/>\n<\/span><\/p>","protected":false},"excerpt":{"rendered":"<p><span style=\"font-weight: 400\">Conservalos hasta 3 meses en el freezer. Record\u00e1 que nuestros productos no llevan ni conservantes ni aditivos por eso una vez descongelados, conservalos en heladera y consumilos como cualquier producto hecho en casa, idealmente dentro de las primeras 24hs. Descongel\u00e1 solo la porci\u00f3n a consumir!<\/span><\/p>","protected":false},"featured_media":914,"template":"","meta":[],"product_brand":[],"product_cat":[22,17],"product_tag":[],"class_list":{"0":"post-913","1":"product","2":"type-product","3":"status-publish","4":"has-post-thumbnail","6":"product_cat-2-anos","7":"product_cat-dulces","9":"first","10":"outofstock","11":"shipping-taxable","12":"purchasable","13":"product-type-simple"},"_links":{"self":[{"href":"https:\/\/eat-kids.com\/es\/wp-json\/wp\/v2\/product\/913","targetHints":{"allow":["GET"]}}],"collection":[{"href":"https:\/\/eat-kids.com\/es\/wp-json\/wp\/v2\/product"}],"about":[{"href":"https:\/\/eat-kids.com\/es\/wp-json\/wp\/v2\/types\/product"}],"version-history":[{"count":3,"href":"https:\/\/eat-kids.com\/es\/wp-json\/wp\/v2\/product\/913\/revisions"}],"predecessor-version":[{"id":1039,"href":"https:\/\/eat-kids.com\/es\/wp-json\/wp\/v2\/product\/913\/revisions\/1039"}],"wp:featuredmedia":[{"embeddable":true,"href":"https:\/\/eat-kids.com\/es\/wp-json\/wp\/v2\/media\/914"}],"wp:attachment":[{"href":"https:\/\/eat-kids.com\/es\/wp-json\/wp\/v2\/media?parent=913"}],"wp:term":[{"taxonomy":"product_brand","embeddable":true,"href":"https:\/\/eat-kids.com\/es\/wp-json\/wp\/v2\/product_brand?post=913"},{"taxonomy":"product_cat","embeddable":true,"href":"https:\/\/eat-kids.com\/es\/wp-json\/wp\/v2\/product_cat?post=913"},{"taxonomy":"product_tag","embeddable":true,"href":"https:\/\/eat-kids.com\/es\/wp-json\/wp\/v2\/product_tag?post=913"}],"curies":[{"name":"wp","href":"https:\/\/api.w.org\/{rel}","templated":true}]}}