{"id":87,"date":"2025-05-05T14:03:56","date_gmt":"2025-05-05T14:03:56","guid":{"rendered":"https:\/\/eatkids.moine.com.ar\/?post_type=product&#038;p=87"},"modified":"2025-09-11T11:32:05","modified_gmt":"2025-09-11T14:32:05","slug":"falafel","status":"publish","type":"product","link":"https:\/\/eat-kids.com\/es\/product\/falafel\/","title":{"rendered":"Falafel"},"content":{"rendered":"<p><span style=\"font-weight: 400\"><strong>Ingredientes:<\/strong> Semillas de girasol, aceite de oliva, aceite de s\u00e9samo, ajo en polvo, comino, c\u00farcuma, harina de almendras, jugo de lim\u00f3n.<br \/>\n<\/span><span style=\"font-weight: 400\"><strong>Contenido:<\/strong> 12 unidades<br \/>\n<\/span><\/p>","protected":false},"excerpt":{"rendered":"<p><span style=\"font-weight: 400\">Conservalos hasta 3 meses en el freezer. Record\u00e1 que nuestros productos no llevan ni conservantes ni aditivos por eso una vez descongelados, conservalos en heladera y consumilos como cualquier producto hecho en casa, idealmente dentro de las primeras 24hs. Descongel\u00e1 solo la porci\u00f3n a consumir!<\/span><\/p>\n<p><span style=\"font-weight: 400\">Descongelar unos minutos y darles un golpe de calor en sart\u00e9n, horno o airfryer. Si est\u00e1s con poco tiempo, 30\u00bb en el microondas<\/span><\/p>\n<p><strong>Sin conservantes, sin aditivos, sin az\u00facares, sin sal, sin l\u00e1cteos.<br \/>\nAptas desde 6 meses.<\/strong><\/p>","protected":false},"featured_media":113,"template":"","meta":[],"product_brand":[],"product_cat":[23,21,18],"product_tag":[],"class_list":{"0":"post-87","1":"product","2":"type-product","3":"status-publish","4":"has-post-thumbnail","6":"product_cat-2-anos-salados","7":"product_cat-6-meses-salados","8":"product_cat-salados","10":"first","11":"instock","12":"shipping-taxable","13":"purchasable","14":"product-type-simple"},"_links":{"self":[{"href":"https:\/\/eat-kids.com\/es\/wp-json\/wp\/v2\/product\/87","targetHints":{"allow":["GET"]}}],"collection":[{"href":"https:\/\/eat-kids.com\/es\/wp-json\/wp\/v2\/product"}],"about":[{"href":"https:\/\/eat-kids.com\/es\/wp-json\/wp\/v2\/types\/product"}],"version-history":[{"count":5,"href":"https:\/\/eat-kids.com\/es\/wp-json\/wp\/v2\/product\/87\/revisions"}],"predecessor-version":[{"id":665,"href":"https:\/\/eat-kids.com\/es\/wp-json\/wp\/v2\/product\/87\/revisions\/665"}],"wp:featuredmedia":[{"embeddable":true,"href":"https:\/\/eat-kids.com\/es\/wp-json\/wp\/v2\/media\/113"}],"wp:attachment":[{"href":"https:\/\/eat-kids.com\/es\/wp-json\/wp\/v2\/media?parent=87"}],"wp:term":[{"taxonomy":"product_brand","embeddable":true,"href":"https:\/\/eat-kids.com\/es\/wp-json\/wp\/v2\/product_brand?post=87"},{"taxonomy":"product_cat","embeddable":true,"href":"https:\/\/eat-kids.com\/es\/wp-json\/wp\/v2\/product_cat?post=87"},{"taxonomy":"product_tag","embeddable":true,"href":"https:\/\/eat-kids.com\/es\/wp-json\/wp\/v2\/product_tag?post=87"}],"curies":[{"name":"wp","href":"https:\/\/api.w.org\/{rel}","templated":true}]}}