{"id":76,"date":"2025-05-05T13:10:10","date_gmt":"2025-05-05T16:10:10","guid":{"rendered":"https:\/\/eatkids.moine.com.ar\/?post_type=product&#038;p=76"},"modified":"2026-04-15T10:37:44","modified_gmt":"2026-04-15T13:37:44","slug":"power-cookies","status":"publish","type":"product","link":"https:\/\/eat-kids.com\/es\/product\/power-cookies\/","title":{"rendered":"Power Cookies"},"content":{"rendered":"<p><span style=\"font-weight: 400\"><strong>Ingredientes:<\/strong> Avena instant\u00e1nea, harina de almendras, mijo cocido, zanahoria rallada finita, pasta de man\u00ed, d\u00e1tiles descorazados procesados, bicarbonato de sodio, polvo para hornear, canela en polvo, extracto de vainilla, semillas de lino, semillas de ch\u00eda, aceite de coco.<br \/>\n<strong>Contenido:<\/strong> 12 unidades<br \/>\n<\/span><\/p>","protected":false},"excerpt":{"rendered":"<p><span style=\"font-weight: 400\">Conservalos hasta 3 meses en el freezer. Record\u00e1 que nuestros productos no llevan ni conservantes ni aditivos por eso una vez descongelados, conservalos en heladera y consumilos como cualquier producto hecho en casa, idealmente dentro de las primeras 24hs. Descongel\u00e1 solo la porci\u00f3n a consumir!<\/span><\/p>\n<p><span style=\"font-weight: 400\">Descongelar unos minutos y darles un golpe de calor en sart\u00e9n, horno o airfryer. Si est\u00e1s con poco tiempo, 30\u00bb en el microondas<\/span><\/p>\n<p><strong>Sin conservantes, sin aditivos, sin az\u00facares, sin sal, sin l\u00e1cteos.<br \/>\nAptas desde 6 meses.<\/strong><\/p>","protected":false},"featured_media":133,"template":"","meta":[],"product_brand":[],"product_cat":[22,20,17],"product_tag":[],"class_list":{"0":"post-76","1":"product","2":"type-product","3":"status-publish","4":"has-post-thumbnail","6":"product_cat-2-anos","7":"product_cat-6-meses","8":"product_cat-dulces","10":"first","11":"outofstock","12":"shipping-taxable","13":"purchasable","14":"product-type-simple"},"_links":{"self":[{"href":"https:\/\/eat-kids.com\/es\/wp-json\/wp\/v2\/product\/76","targetHints":{"allow":["GET"]}}],"collection":[{"href":"https:\/\/eat-kids.com\/es\/wp-json\/wp\/v2\/product"}],"about":[{"href":"https:\/\/eat-kids.com\/es\/wp-json\/wp\/v2\/types\/product"}],"version-history":[{"count":5,"href":"https:\/\/eat-kids.com\/es\/wp-json\/wp\/v2\/product\/76\/revisions"}],"predecessor-version":[{"id":826,"href":"https:\/\/eat-kids.com\/es\/wp-json\/wp\/v2\/product\/76\/revisions\/826"}],"wp:featuredmedia":[{"embeddable":true,"href":"https:\/\/eat-kids.com\/es\/wp-json\/wp\/v2\/media\/133"}],"wp:attachment":[{"href":"https:\/\/eat-kids.com\/es\/wp-json\/wp\/v2\/media?parent=76"}],"wp:term":[{"taxonomy":"product_brand","embeddable":true,"href":"https:\/\/eat-kids.com\/es\/wp-json\/wp\/v2\/product_brand?post=76"},{"taxonomy":"product_cat","embeddable":true,"href":"https:\/\/eat-kids.com\/es\/wp-json\/wp\/v2\/product_cat?post=76"},{"taxonomy":"product_tag","embeddable":true,"href":"https:\/\/eat-kids.com\/es\/wp-json\/wp\/v2\/product_tag?post=76"}],"curies":[{"name":"wp","href":"https:\/\/api.w.org\/{rel}","templated":true}]}}